{"id":23,"date":"2026-02-26T23:39:55","date_gmt":"2026-02-26T23:39:55","guid":{"rendered":"https:\/\/yukisbani.com\/?page_id=23"},"modified":"2026-03-18T11:27:30","modified_gmt":"2026-03-18T11:27:30","slug":"quienes-somos","status":"publish","type":"page","link":"https:\/\/yukisbani.com\/home\/index.php\/quienes-somos\/","title":{"rendered":"Quienes Somos"},"content":{"rendered":"\n<div class=\"wp-block-cover alignfull\" style=\"min-height:500px;aspect-ratio:unset;\"><img loading=\"lazy\" decoding=\"async\" width=\"576\" height=\"1024\" class=\"wp-block-cover__image-background wp-image-81 size-large\" alt=\"\" src=\"https:\/\/yukisbani.com\/wp-content\/uploads\/2026\/03\/pexels-marina-zasorina-9465994-576x1024.jpg\" style=\"object-position:52% 61%\" data-object-fit=\"cover\" data-object-position=\"52% 61%\" srcset=\"https:\/\/yukisbani.com\/wp-content\/uploads\/2026\/03\/pexels-marina-zasorina-9465994-576x1024.jpg 576w, https:\/\/yukisbani.com\/wp-content\/uploads\/2026\/03\/pexels-marina-zasorina-9465994-169x300.jpg 169w, https:\/\/yukisbani.com\/wp-content\/uploads\/2026\/03\/pexels-marina-zasorina-9465994-768x1365.jpg 768w, https:\/\/yukisbani.com\/wp-content\/uploads\/2026\/03\/pexels-marina-zasorina-9465994-864x1536.jpg 864w, https:\/\/yukisbani.com\/wp-content\/uploads\/2026\/03\/pexels-marina-zasorina-9465994-1152x2048.jpg 1152w, https:\/\/yukisbani.com\/wp-content\/uploads\/2026\/03\/pexels-marina-zasorina-9465994-600x1067.jpg 600w, https:\/\/yukisbani.com\/wp-content\/uploads\/2026\/03\/pexels-marina-zasorina-9465994-scaled.jpg 1440w\" sizes=\"auto, (max-width: 576px) 100vw, 576px\" \/><span aria-hidden=\"true\" class=\"wp-block-cover__background has-background-dim-30 has-background-dim\" style=\"background-color:#676767\"><\/span><div class=\"wp-block-cover__inner-container has-global-padding is-layout-constrained wp-block-cover-is-layout-constrained\">\n<div class=\"wp-block-group alignwide is-layout-flow wp-block-group-is-layout-flow\">\n<p class=\"has-text-align-center has-base-color has-text-color has-link-color has-xx-large-font-size wp-elements-35bf6f98d55abf9c6c4fd812fd384e8b\" style=\"font-style:normal;font-weight:600\">Sabores que Enamoran desde 2020<\/p>\n\n\n\n<div style=\"height:3em\" aria-hidden=\"true\" class=\"wp-block-spacer\"><\/div>\n\n\n\n<div class=\"wp-block-buttons is-content-justification-center is-layout-flex wp-container-core-buttons-is-layout-a89b3969 wp-block-buttons-is-layout-flex\">\n<div class=\"wp-block-button\"><a class=\"wp-block-button__link has-background wp-element-button\" style=\"border-radius:0px;background-color:#8a3a17;padding-top:var(--wp--preset--spacing--40);padding-right:var(--wp--preset--spacing--60);padding-bottom:var(--wp--preset--spacing--40);padding-left:var(--wp--preset--spacing--60)\"><strong>BOOK APPOINTMENT<\/strong><\/a><\/div>\n<\/div>\n<\/div>\n<\/div><\/div>\n\n\n\n<div class=\"wp-block-group alignfull has-base-2-color has-contrast-background-color has-text-color has-background has-link-color wp-elements-0d9007b14f33427c8b98adeca991f7d0 has-global-padding is-content-justification-center is-layout-constrained wp-block-group-is-layout-constrained\" style=\"margin-top:0;padding-top:var(--wp--preset--spacing--80);padding-bottom:var(--wp--preset--spacing--80)\">\n<div class=\"wp-block-group alignwide is-layout-grid wp-container-core-group-is-layout-7c37e303 wp-block-group-is-layout-grid\" style=\"padding-right:var(--wp--preset--spacing--70);padding-left:var(--wp--preset--spacing--70)\">\n<div class=\"wp-block-group wp-container-content-08f25065 has-global-padding is-layout-constrained wp-container-core-group-is-layout-323a0f85 wp-block-group-is-layout-constrained\" style=\"padding-right:0;padding-left:0\">\n<figure class=\"wp-block-image aligncenter is-resized wp-duotone-8a3a17-ffffff-1\"><img decoding=\"async\" src=\"https:\/\/yukisbani.com\/wp-content\/themes\/eternal\/assets\/images\/icon-wrench.png\" alt=\"\" style=\"width:48px\"\/><\/figure>\n\n\n\n<h3 class=\"wp-block-heading has-text-align-center has-base-color has-text-color has-link-color wp-elements-38fecb9f85a0559b0b21403b09f22a15\" style=\"margin-top:var(--wp--preset--spacing--30);margin-bottom:var(--wp--preset--spacing--30)\">Abarrotes<\/h3>\n\n\n\n<p class=\"has-text-align-center has-text-color has-link-color wp-elements-73a3a7c19184355b0686804919710cc0\" style=\"color:#8a3a17;margin-top:var(--wp--preset--spacing--20);margin-bottom:var(--wp--preset--spacing--20)\"><mark style=\"background-color:rgba(0, 0, 0, 0)\" class=\"has-inline-color has-base-2-color\">Arroz<\/mark><\/p>\n\n\n\n<p class=\"has-text-align-center has-text-color has-link-color wp-elements-16aa8ff88b493bbceff523607523bede\" style=\"color:#8a3a17;margin-top:var(--wp--preset--spacing--20);margin-bottom:var(--wp--preset--spacing--20)\"><mark style=\"background-color:rgba(0, 0, 0, 0)\" class=\"has-inline-color has-base-2-color\">Pasta<\/mark><\/p>\n\n\n\n<p class=\"has-text-align-center has-text-color has-link-color wp-elements-6d8f9670fae1ad901bde9779b2ea7031\" style=\"color:#8a3a17;margin-top:var(--wp--preset--spacing--20);margin-bottom:var(--wp--preset--spacing--20)\"><mark style=\"background-color:rgba(0, 0, 0, 0)\" class=\"has-inline-color has-base-2-color\">Aceite<\/mark><\/p>\n<\/div>\n\n\n\n<div class=\"wp-block-group has-global-padding is-layout-constrained wp-block-group-is-layout-constrained\">\n<figure class=\"wp-block-image aligncenter is-resized wp-duotone-8a3a17-ffffff-2\"><img decoding=\"async\" src=\"https:\/\/yukisbani.com\/wp-content\/themes\/eternal\/assets\/images\/icon-brakes.png\" alt=\"\" style=\"width:48px\"\/><\/figure>\n\n\n\n<h3 class=\"wp-block-heading has-text-align-center has-base-color has-text-color has-link-color wp-elements-0bf00349fd0b9dc8a593dc48a06c1e02\">Bebidas<\/h3>\n\n\n\n<p class=\"has-text-align-center has-text-color has-link-color wp-elements-024b018dcd124a761c6023b65d64b967\" style=\"color:#8a3a17\"><mark style=\"background-color:rgba(0, 0, 0, 0)\" class=\"has-inline-color has-base-2-color\">Cervezas<\/mark><\/p>\n\n\n\n<p class=\"has-text-align-center has-text-color has-link-color wp-elements-ccaeaf3117e891eeaa9f76ee5f229365\" style=\"color:#8a3a17\"><mark style=\"background-color:rgba(0, 0, 0, 0)\" class=\"has-inline-color has-base-2-color\">Refrescos<\/mark><\/p>\n\n\n\n<p class=\"has-text-align-center has-text-color has-link-color wp-elements-ed0c9ca981c689fedc0a7347b72d9387\" style=\"color:#8a3a17\"><mark style=\"background-color:rgba(0, 0, 0, 0)\" class=\"has-inline-color has-base-2-color\">Jugos<\/mark><\/p>\n<\/div>\n\n\n\n<div class=\"wp-block-group has-global-padding is-layout-constrained wp-block-group-is-layout-constrained\">\n<figure class=\"wp-block-image aligncenter is-resized wp-duotone-8a3a17-ffffff-3\"><img decoding=\"async\" src=\"https:\/\/yukisbani.com\/wp-content\/themes\/eternal\/assets\/images\/icon-engine.png\" alt=\"\" style=\"width:48px\"\/><\/figure>\n\n\n\n<h3 class=\"wp-block-heading has-text-align-center has-base-color has-text-color has-link-color wp-elements-ada23846dc1887354a847bfb6c92d28f\">Dulces y Snacks<\/h3>\n\n\n\n<p class=\"has-text-align-center has-text-color has-link-color wp-elements-437eb8d861b9c4cbae586aec6ca9da41\" style=\"color:#8a3a17\"><mark style=\"background-color:rgba(0, 0, 0, 0)\" class=\"has-inline-color has-base-2-color\">Chocolates<\/mark><\/p>\n\n\n\n<p class=\"has-text-align-center has-text-color has-link-color wp-elements-37e5d7887b88a542a06cde4ad3364a0e\" style=\"color:#8a3a17\"><mark style=\"background-color:rgba(0, 0, 0, 0)\" class=\"has-inline-color has-base-2-color\">Galletas<\/mark><\/p>\n\n\n\n<p class=\"has-text-align-center has-text-color has-link-color wp-elements-5d4447f5e1cae316fa3e455df105f3ac\" style=\"color:#8a3a17\"><mark style=\"background-color:rgba(0, 0, 0, 0)\" class=\"has-inline-color has-base-2-color\">Gominolas<\/mark><\/p>\n<\/div>\n<\/div>\n<\/div>\n\n\n\n<div class=\"wp-block-group alignfull has-base-3-background-color has-background has-global-padding is-layout-constrained wp-block-group-is-layout-constrained\" style=\"margin-top:0;padding-top:var(--wp--preset--spacing--80);padding-bottom:var(--wp--preset--spacing--80)\">\n<div class=\"wp-block-media-text alignwide is-stacked-on-mobile\" style=\"grid-template-columns:45% auto\"><figure class=\"wp-block-media-text__media\"><img loading=\"lazy\" decoding=\"async\" width=\"626\" height=\"417\" src=\"https:\/\/yukisbani.com\/wp-content\/uploads\/2026\/03\/mujer-detras-mostrador-frente-estante-cafe_664644-5195.jpg\" alt=\"\" class=\"wp-image-82 size-full\" srcset=\"https:\/\/yukisbani.com\/wp-content\/uploads\/2026\/03\/mujer-detras-mostrador-frente-estante-cafe_664644-5195.jpg 626w, https:\/\/yukisbani.com\/wp-content\/uploads\/2026\/03\/mujer-detras-mostrador-frente-estante-cafe_664644-5195-300x200.jpg 300w, https:\/\/yukisbani.com\/wp-content\/uploads\/2026\/03\/mujer-detras-mostrador-frente-estante-cafe_664644-5195-600x400.jpg 600w\" sizes=\"auto, (max-width: 626px) 100vw, 626px\" \/><\/figure><div class=\"wp-block-media-text__content\">\n<h2 class=\"wp-block-heading\">Qui\u00e9nes Somos<\/h2>\n\n\n\n<p>Somos una MIPyME familiar apasionada por llevar a tu mesa los mejores productos de consumo. Seleccionamos cuidadosamente cada art\u00edculo, desde la cerveza artesanal local hasta el dulce tradicional que endulza tus tardes. Creemos en el comercio justo, en apoyar a productores locales y en brindarte una experiencia de compra f\u00e1cil, r\u00e1pida y confiable. Porque para nosotros, cada cliente es un invitado a nuestra mesa.<\/p>\n\n\n\n<ul class=\"wp-block-list is-style-line\">\n<li>Productos seleccionados con altos est\u00e1ndares de calidad<\/li>\n\n\n\n<li>Alianzas directas con productores locales y artesanales<\/li>\n\n\n\n<li>Empaque cuidadoso para que todo llegue en perfecto estado<\/li>\n\n\n\n<li>Entregas r\u00e1pidas y puntuales en la puerta de tu hogar<\/li>\n\n\n\n<li>Atenci\u00f3n personalizada, porque nos importas t\u00fa y tu familia<\/li>\n<\/ul>\n<\/div><\/div>\n<\/div>\n\n\n\n<div class=\"wp-block-group alignfull has-base-background-color has-background has-global-padding is-layout-constrained wp-block-group-is-layout-constrained\" style=\"margin-top:0;padding-top:var(--wp--preset--spacing--70);padding-bottom:var(--wp--preset--spacing--70)\">\n<h2 class=\"wp-block-heading has-text-align-center\">\u00bfC\u00f3mo Comprar?<\/h2>\n\n\n\n<p class=\"has-text-align-center\">Recibe tus productos favoritos sin salir de casa<\/p>\n\n\n\n<div style=\"height:2rem\" aria-hidden=\"true\" class=\"wp-block-spacer\"><\/div>\n\n\n\n<div class=\"wp-block-columns alignwide is-layout-flex wp-container-core-columns-is-layout-66fad18a wp-block-columns-is-layout-flex\">\n<div class=\"wp-block-column is-layout-flow wp-block-column-is-layout-flow\">\n<p class=\"has-text-align-center has-text-color has-link-color has-xx-large-font-size wp-elements-399b317256c5414f3bf9405d84c9f930\" style=\"color:#8a3a17;font-style:normal;font-weight:900\">1<\/p>\n\n\n\n<p class=\"has-text-align-center\" style=\"font-style:normal;font-weight:600\"><strong>Elige tus productos<\/strong>\u00a0(Explora nuestro cat\u00e1logo y llena tu carrito)<\/p>\n<\/div>\n\n\n\n<div class=\"wp-block-column is-layout-flow wp-block-column-is-layout-flow\">\n<p class=\"has-text-align-center has-text-color has-link-color has-xx-large-font-size wp-elements-dbf15672e404038ee54da387199c7955\" style=\"color:#8a3a17;font-style:normal;font-weight:900\">2<\/p>\n\n\n\n<p class=\"has-text-align-center\" style=\"font-style:normal;font-weight:600\"><strong>Confirma tu pedido<\/strong>\u00a0(Selecciona m\u00e9todo de pago y entrega)<\/p>\n<\/div>\n\n\n\n<div class=\"wp-block-column is-layout-flow wp-block-column-is-layout-flow\">\n<p class=\"has-text-align-center has-text-color has-link-color has-xx-large-font-size wp-elements-9ec6b923394fbfce6f62b5ad531d4436\" style=\"color:#8a3a17;font-style:normal;font-weight:900\">3<\/p>\n\n\n\n<p class=\"has-text-align-center\" style=\"font-style:normal;font-weight:600\"><strong>Preparamos tu pedido<\/strong>\u00a0(Seleccionamos y empacamos con cuidado)<\/p>\n<\/div>\n\n\n\n<div class=\"wp-block-column is-layout-flow wp-block-column-is-layout-flow\">\n<p class=\"has-text-align-center has-text-color has-link-color has-xx-large-font-size wp-elements-35ef529ccf58b4ab0d19038eab80b0de\" style=\"color:#8a3a17;font-style:normal;font-weight:900\">4<\/p>\n\n\n\n<p class=\"has-text-align-center\" style=\"font-style:normal;font-weight:600\"><strong>Recibe en tu hogar<\/strong>\u00a0(Disfruta en la puerta de tu casa)<\/p>\n<\/div>\n<\/div>\n<\/div>\n\n\n\n<div class=\"wp-block-group alignfull has-contrast-2-background-color has-background has-global-padding is-layout-constrained wp-container-core-group-is-layout-adc449ee wp-block-group-is-layout-constrained\" style=\"min-height:0px;margin-top:0;padding-top:var(--wp--preset--spacing--60);padding-right:0;padding-bottom:var(--wp--preset--spacing--60);padding-left:0\">\n<div class=\"wp-block-group alignfull has-global-padding is-layout-constrained wp-block-group-is-layout-constrained\">\n<div class=\"wp-block-media-text alignfull is-stacked-on-mobile is-vertically-aligned-top is-image-fill-element\" style=\"border-style:none;border-width:0px;border-top-left-radius:0px;border-top-right-radius:0px;border-bottom-left-radius:0px;border-bottom-right-radius:0px;grid-template-columns:45% auto\"><figure class=\"wp-block-media-text__media\"><img loading=\"lazy\" decoding=\"async\" width=\"626\" height=\"626\" src=\"https:\/\/yukisbani.com\/wp-content\/uploads\/2026\/03\/mano-sostiene-telefono-inteligente-tienda-comestibles-linea-pantalla-pide-comida-pida-concepto-comida-linea-estilo-plano_293114-251.avif\" alt=\"\" class=\"wp-image-83 size-full\" style=\"object-position:52% 34%\" srcset=\"https:\/\/yukisbani.com\/wp-content\/uploads\/2026\/03\/mano-sostiene-telefono-inteligente-tienda-comestibles-linea-pantalla-pide-comida-pida-concepto-comida-linea-estilo-plano_293114-251.avif 626w, https:\/\/yukisbani.com\/wp-content\/uploads\/2026\/03\/mano-sostiene-telefono-inteligente-tienda-comestibles-linea-pantalla-pide-comida-pida-concepto-comida-linea-estilo-plano_293114-251-300x300.avif 300w, https:\/\/yukisbani.com\/wp-content\/uploads\/2026\/03\/mano-sostiene-telefono-inteligente-tienda-comestibles-linea-pantalla-pide-comida-pida-concepto-comida-linea-estilo-plano_293114-251-150x150.avif 150w, https:\/\/yukisbani.com\/wp-content\/uploads\/2026\/03\/mano-sostiene-telefono-inteligente-tienda-comestibles-linea-pantalla-pide-comida-pida-concepto-comida-linea-estilo-plano_293114-251-600x600.avif 600w, https:\/\/yukisbani.com\/wp-content\/uploads\/2026\/03\/mano-sostiene-telefono-inteligente-tienda-comestibles-linea-pantalla-pide-comida-pida-concepto-comida-linea-estilo-plano_293114-251-100x100.avif 100w\" sizes=\"auto, (max-width: 626px) 100vw, 626px\" \/><\/figure><div class=\"wp-block-media-text__content\">\n<div class=\"wp-block-group has-global-padding is-layout-constrained wp-container-core-group-is-layout-adcfd506 wp-block-group-is-layout-constrained\" style=\"padding-top:var(--wp--preset--spacing--60);padding-right:var(--wp--preset--spacing--40);padding-bottom:var(--wp--preset--spacing--60);padding-left:var(--wp--preset--spacing--40)\">\n<h3 class=\"wp-block-heading has-base-color has-text-color has-link-color wp-elements-569fd3da29ba72957bc92c9b005a5604\">Estamos para Servirte<\/h3>\n\n\n\n<div class=\"wp-block-group is-nowrap is-layout-flex wp-container-core-group-is-layout-6c531013 wp-block-group-is-layout-flex\">\n<figure class=\"wp-block-image is-resized wp-duotone-8a3a17-ffffff-4\"><img decoding=\"async\" src=\"https:\/\/yukisbani.com\/wp-content\/themes\/eternal\/assets\/images\/icon-clock.png\" alt=\"\" style=\"width:24px\"\/><\/figure>\n\n\n\n<p class=\"has-base-3-color has-text-color has-link-color wp-elements-b1446169d8365444467fff8107d94d0b\"><strong>Horario de atenci\u00f3n al cliente:<\/strong><br>Lunes a Viernes: 9:00 am &#8211; 7:00 pm<br>S\u00e1bados: 10:00 am &#8211; 4:00 pm<br>Domingos y festivos: Cerrado (entregas programadas)<\/p>\n<\/div>\n\n\n\n<div class=\"wp-block-group is-nowrap is-layout-flex wp-container-core-group-is-layout-6c531013 wp-block-group-is-layout-flex\">\n<figure class=\"wp-block-image is-resized wp-duotone-8a3a17-ffffff-5\"><img decoding=\"async\" src=\"https:\/\/yukisbani.com\/wp-content\/themes\/eternal\/assets\/images\/icon-phone.png\" alt=\"\" style=\"width:24px\"\/><\/figure>\n\n\n\n<p class=\"has-base-3-color has-text-color has-link-color wp-elements-1f4e975aa6028533c1a3d5fa7013cf7d\"><strong>WhatsApp:<\/strong>\u00a055-1234-5678<\/p>\n<\/div>\n\n\n\n<div class=\"wp-block-group is-nowrap is-layout-flex wp-container-core-group-is-layout-6c531013 wp-block-group-is-layout-flex\">\n<figure class=\"wp-block-image is-resized wp-duotone-8a3a17-ffffff-6\"><img decoding=\"async\" src=\"https:\/\/yukisbani.com\/wp-content\/themes\/eternal\/assets\/images\/icon-circle-arrow.png\" alt=\"\" style=\"width:24px\"\/><\/figure>\n\n\n\n<p class=\"has-base-color has-text-color has-link-color wp-elements-9f9d3e8e0424f6bd388091e95801562c\"><strong>Email:<\/strong>\u00a0hola@tutienda.mx<\/p>\n<\/div>\n<\/div>\n<\/div><\/div>\n<\/div>\n<\/div>\n\n\n\n<div class=\"wp-block-group alignfull has-global-padding is-content-justification-center is-layout-constrained wp-container-core-group-is-layout-19edb02e wp-block-group-is-layout-constrained\" style=\"margin-top:0;margin-bottom:0;padding-top:calc( 0.5 * var(--wp--style--root--padding-right, var(--wp--custom--gap--horizontal)));padding-right:var(--wp--style--root--padding-right, var(--wp--custom--gap--horizontal));padding-bottom:calc( 0.5 * var(--wp--style--root--padding-right, var(--wp--custom--gap--horizontal)));padding-left:var(--wp--style--root--padding-left, var(--wp--custom--gap--horizontal))\">\n<div style=\"height:calc( 0.25 * var(--wp--style--root--padding-right, var(--wp--custom--gap--horizontal)))\" aria-hidden=\"true\" class=\"wp-block-spacer\"><\/div>\n\n\n\n<h2 class=\"wp-block-heading alignwide has-text-align-center\">Rese\u00f1as<\/h2>\n\n\n\n<div style=\"height:calc( 0.25 * var(--wp--style--root--padding-right, var(--wp--custom--gap--horizontal)))\" aria-hidden=\"true\" class=\"wp-block-spacer\"><\/div>\n\n\n\n<div class=\"wp-block-columns alignwide is-layout-flex wp-container-core-columns-is-layout-28f84493 wp-block-columns-is-layout-flex\">\n<div class=\"wp-block-column is-layout-flow wp-block-column-is-layout-flow\" style=\"padding-top:var(--wp--preset--spacing--10);padding-right:var(--wp--preset--spacing--10);padding-bottom:var(--wp--preset--spacing--10);padding-left:var(--wp--preset--spacing--10)\">\n<div class=\"wp-block-group has-global-padding is-content-justification-center is-layout-constrained wp-container-core-group-is-layout-bcb729ef wp-block-group-is-layout-constrained\">\n<div class=\"wp-block-group is-vertical is-content-justification-center is-nowrap is-layout-flex wp-container-core-group-is-layout-64246d41 wp-block-group-is-layout-flex\">\n<figure class=\"wp-block-image size-full is-resized has-custom-border\"><img decoding=\"async\" src=\"https:\/\/s2.wp.com\/i\/woo-block-patterns\/2024\/06\/portrait.png\" alt=\"\" class=\"wp-image-107\" style=\"border-radius:100px;aspect-ratio:1;object-fit:cover;width:48px\"\/><\/figure>\n\n\n\n<div class=\"wp-block-group is-layout-flow wp-container-core-group-is-layout-15eb98a8 wp-block-group-is-layout-flow\">\n<h3 class=\"wp-block-heading has-text-align-center is-testimonial-name has-small-font-size\" style=\"line-height:1\">Jayla H.<\/h3>\n<\/div>\n<\/div>\n\n\n\n<div style=\"height:0\" aria-hidden=\"true\" class=\"wp-block-spacer\"><\/div>\n\n\n\n<p class=\"has-text-align-center is-testimonial-review\">He sido un cliente leal durante a\u00f1os, y con buena raz\u00f3n. El servicio al cliente es de primera categor\u00eda, y los productos siempre son fiables.<\/p>\n<\/div>\n<\/div>\n\n\n\n<div class=\"wp-block-column is-layout-flow wp-block-column-is-layout-flow\" style=\"padding-top:var(--wp--preset--spacing--10);padding-right:var(--wp--preset--spacing--10);padding-bottom:var(--wp--preset--spacing--10);padding-left:var(--wp--preset--spacing--10)\">\n<div class=\"wp-block-group has-global-padding is-content-justification-center is-layout-constrained wp-container-core-group-is-layout-bcb729ef wp-block-group-is-layout-constrained\">\n<div class=\"wp-block-group is-vertical is-content-justification-center is-nowrap is-layout-flex wp-container-core-group-is-layout-64246d41 wp-block-group-is-layout-flex\">\n<figure class=\"wp-block-image size-full is-resized has-custom-border\"><img decoding=\"async\" src=\"https:\/\/s2.wp.com\/i\/woo-block-patterns\/2024\/07\/cf19a5d21c3eeb7afa7c346b32af3ece-1.jpeg\" alt=\"\" class=\"wp-image-325\" style=\"border-radius:100px;aspect-ratio:1;object-fit:cover;width:48px\"\/><\/figure>\n\n\n\n<div class=\"wp-block-group is-layout-flow wp-container-core-group-is-layout-15eb98a8 wp-block-group-is-layout-flow\">\n<h4 class=\"wp-block-heading has-text-align-center is-testimonial-name has-small-font-size\" style=\"line-height:1\">Scott F.<\/h4>\n<\/div>\n<\/div>\n\n\n\n<div style=\"height:0\" aria-hidden=\"true\" class=\"wp-block-spacer\"><\/div>\n\n\n\n<p class=\"has-text-align-center is-testimonial-review\">\u201cRecientemente compr\u00e9 un televisor inteligente y no podr\u00eda estar m\u00e1s feliz con mi compra. El personal fue amable y servicial, respondiendo a todas mis preguntas.\u201d<\/p>\n<\/div>\n<\/div>\n<\/div>\n\n\n\n<div style=\"height:calc( 0.25 * var(--wp--style--root--padding-right, var(--wp--custom--gap--horizontal)))\" aria-hidden=\"true\" class=\"wp-block-spacer\"><\/div>\n<\/div>\n","protected":false},"excerpt":{"rendered":"<p>Abarrotes Arroz Pasta Aceite Bebidas Cervezas Refrescos Jugos Dulces y Snacks Chocolates Galletas Gominolas Qui\u00e9nes Somos Somos una MIPyME familiar apasionada por llevar a tu mesa los mejores productos de consumo. Seleccionamos cuidadosamente cada art\u00edculo, desde la cerveza artesanal local hasta el dulce tradicional que endulza tus tardes. Creemos en el comercio justo, en apoyar [&hellip;]<\/p>\n","protected":false},"author":1,"featured_media":0,"parent":0,"menu_order":0,"comment_status":"closed","ping_status":"closed","template":"","meta":{"footnotes":""},"class_list":["post-23","page","type-page","status-publish","hentry"],"_links":{"self":[{"href":"https:\/\/yukisbani.com\/home\/index.php\/wp-json\/wp\/v2\/pages\/23","targetHints":{"allow":["GET"]}}],"collection":[{"href":"https:\/\/yukisbani.com\/home\/index.php\/wp-json\/wp\/v2\/pages"}],"about":[{"href":"https:\/\/yukisbani.com\/home\/index.php\/wp-json\/wp\/v2\/types\/page"}],"author":[{"embeddable":true,"href":"https:\/\/yukisbani.com\/home\/index.php\/wp-json\/wp\/v2\/users\/1"}],"replies":[{"embeddable":true,"href":"https:\/\/yukisbani.com\/home\/index.php\/wp-json\/wp\/v2\/comments?post=23"}],"version-history":[{"count":4,"href":"https:\/\/yukisbani.com\/home\/index.php\/wp-json\/wp\/v2\/pages\/23\/revisions"}],"predecessor-version":[{"id":84,"href":"https:\/\/yukisbani.com\/home\/index.php\/wp-json\/wp\/v2\/pages\/23\/revisions\/84"}],"wp:attachment":[{"href":"https:\/\/yukisbani.com\/home\/index.php\/wp-json\/wp\/v2\/media?parent=23"}],"curies":[{"name":"wp","href":"https:\/\/api.w.org\/{rel}","templated":true}]}}