{"id":103,"date":"2026-04-01T18:18:59","date_gmt":"2026-04-01T18:18:59","guid":{"rendered":"https:\/\/yukisbani.com\/home\/index.php\/producto\/leche-en-polvo\/"},"modified":"2026-04-01T18:18:59","modified_gmt":"2026-04-01T18:18:59","slug":"leche-en-polvo","status":"publish","type":"product","link":"https:\/\/yukisbani.com\/home\/index.php\/producto\/leche-en-polvo\/","title":{"rendered":"Leche en polvo"},"content":{"rendered":"<p>Leche en polvo de alta calidad, rica en calcio y vitaminas esenciales. Perfecta para preparar bebidas, recetas o consumir directamente. Su formato permite una larga conservaci\u00f3n sin necesidad de refrigeraci\u00f3n, siendo una opci\u00f3n pr\u00e1ctica y econ\u00f3mica para el hogar.<\/p>\n","protected":false},"excerpt":{"rendered":"<p>Leche en polvo nutritiva y de f\u00e1cil preparaci\u00f3n, ideal para toda la familia.<\/p>\n","protected":false},"featured_media":102,"comment_status":"open","ping_status":"closed","template":"","meta":[],"product_brand":[],"product_cat":[],"product_tag":[],"class_list":{"0":"post-103","1":"product","2":"type-product","3":"status-publish","4":"has-post-thumbnail","7":"first","8":"instock","9":"shipping-taxable","10":"purchasable","11":"product-type-simple"},"_links":{"self":[{"href":"https:\/\/yukisbani.com\/home\/index.php\/wp-json\/wp\/v2\/product\/103","targetHints":{"allow":["GET"]}}],"collection":[{"href":"https:\/\/yukisbani.com\/home\/index.php\/wp-json\/wp\/v2\/product"}],"about":[{"href":"https:\/\/yukisbani.com\/home\/index.php\/wp-json\/wp\/v2\/types\/product"}],"replies":[{"embeddable":true,"href":"https:\/\/yukisbani.com\/home\/index.php\/wp-json\/wp\/v2\/comments?post=103"}],"wp:featuredmedia":[{"embeddable":true,"href":"https:\/\/yukisbani.com\/home\/index.php\/wp-json\/wp\/v2\/media\/102"}],"wp:attachment":[{"href":"https:\/\/yukisbani.com\/home\/index.php\/wp-json\/wp\/v2\/media?parent=103"}],"wp:term":[{"taxonomy":"product_brand","embeddable":true,"href":"https:\/\/yukisbani.com\/home\/index.php\/wp-json\/wp\/v2\/product_brand?post=103"},{"taxonomy":"product_cat","embeddable":true,"href":"https:\/\/yukisbani.com\/home\/index.php\/wp-json\/wp\/v2\/product_cat?post=103"},{"taxonomy":"product_tag","embeddable":true,"href":"https:\/\/yukisbani.com\/home\/index.php\/wp-json\/wp\/v2\/product_tag?post=103"}],"curies":[{"name":"wp","href":"https:\/\/api.w.org\/{rel}","templated":true}]}}