{"id":105,"date":"2026-04-01T18:19:39","date_gmt":"2026-04-01T18:19:39","guid":{"rendered":"https:\/\/yukisbani.com\/home\/index.php\/producto\/espagueti\/"},"modified":"2026-04-01T18:19:39","modified_gmt":"2026-04-01T18:19:39","slug":"espagueti","status":"publish","type":"product","link":"https:\/\/yukisbani.com\/home\/index.php\/producto\/espagueti\/","title":{"rendered":"Espagueti"},"content":{"rendered":"<p>Espagueti elaborado con s\u00e9mola de trigo de alta calidad, ideal para preparar platos cl\u00e1sicos como pasta con salsa, bolo\u00f1esa o recetas m\u00e1s elaboradas. F\u00e1cil de cocinar y con excelente textura al dente.<\/p>\n","protected":false},"excerpt":{"rendered":"<p>Pasta tipo espagueti, perfecta para comidas r\u00e1pidas y deliciosas.<\/p>\n","protected":false},"featured_media":104,"comment_status":"open","ping_status":"closed","template":"","meta":[],"product_brand":[],"product_cat":[],"product_tag":[],"class_list":{"0":"post-105","1":"product","2":"type-product","3":"status-publish","4":"has-post-thumbnail","7":"first","8":"instock","9":"shipping-taxable","10":"purchasable","11":"product-type-simple"},"_links":{"self":[{"href":"https:\/\/yukisbani.com\/home\/index.php\/wp-json\/wp\/v2\/product\/105","targetHints":{"allow":["GET"]}}],"collection":[{"href":"https:\/\/yukisbani.com\/home\/index.php\/wp-json\/wp\/v2\/product"}],"about":[{"href":"https:\/\/yukisbani.com\/home\/index.php\/wp-json\/wp\/v2\/types\/product"}],"replies":[{"embeddable":true,"href":"https:\/\/yukisbani.com\/home\/index.php\/wp-json\/wp\/v2\/comments?post=105"}],"wp:featuredmedia":[{"embeddable":true,"href":"https:\/\/yukisbani.com\/home\/index.php\/wp-json\/wp\/v2\/media\/104"}],"wp:attachment":[{"href":"https:\/\/yukisbani.com\/home\/index.php\/wp-json\/wp\/v2\/media?parent=105"}],"wp:term":[{"taxonomy":"product_brand","embeddable":true,"href":"https:\/\/yukisbani.com\/home\/index.php\/wp-json\/wp\/v2\/product_brand?post=105"},{"taxonomy":"product_cat","embeddable":true,"href":"https:\/\/yukisbani.com\/home\/index.php\/wp-json\/wp\/v2\/product_cat?post=105"},{"taxonomy":"product_tag","embeddable":true,"href":"https:\/\/yukisbani.com\/home\/index.php\/wp-json\/wp\/v2\/product_tag?post=105"}],"curies":[{"name":"wp","href":"https:\/\/api.w.org\/{rel}","templated":true}]}}