{"id":111,"date":"2026-04-01T18:21:09","date_gmt":"2026-04-01T18:21:09","guid":{"rendered":"https:\/\/yukisbani.com\/home\/index.php\/producto\/malta\/"},"modified":"2026-04-01T18:21:09","modified_gmt":"2026-04-01T18:21:09","slug":"malta","status":"publish","type":"product","link":"https:\/\/yukisbani.com\/home\/index.php\/producto\/malta\/","title":{"rendered":"Malta"},"content":{"rendered":"<p>Malta oscura con un sabor dulce y caracter\u00edstico, rica en energ\u00eda y nutrientes. Ideal para consumir fr\u00eda en cualquier momento del d\u00eda. Muy popular como bebida nutritiva.<\/p>\n","protected":false},"excerpt":{"rendered":"<p>Bebida de malta energ\u00e9tica y deliciosa.<\/p>\n","protected":false},"featured_media":110,"comment_status":"open","ping_status":"closed","template":"","meta":[],"product_brand":[],"product_cat":[],"product_tag":[],"class_list":{"0":"post-111","1":"product","2":"type-product","3":"status-publish","4":"has-post-thumbnail","7":"first","8":"instock","9":"shipping-taxable","10":"purchasable","11":"product-type-simple"},"_links":{"self":[{"href":"https:\/\/yukisbani.com\/home\/index.php\/wp-json\/wp\/v2\/product\/111","targetHints":{"allow":["GET"]}}],"collection":[{"href":"https:\/\/yukisbani.com\/home\/index.php\/wp-json\/wp\/v2\/product"}],"about":[{"href":"https:\/\/yukisbani.com\/home\/index.php\/wp-json\/wp\/v2\/types\/product"}],"replies":[{"embeddable":true,"href":"https:\/\/yukisbani.com\/home\/index.php\/wp-json\/wp\/v2\/comments?post=111"}],"wp:featuredmedia":[{"embeddable":true,"href":"https:\/\/yukisbani.com\/home\/index.php\/wp-json\/wp\/v2\/media\/110"}],"wp:attachment":[{"href":"https:\/\/yukisbani.com\/home\/index.php\/wp-json\/wp\/v2\/media?parent=111"}],"wp:term":[{"taxonomy":"product_brand","embeddable":true,"href":"https:\/\/yukisbani.com\/home\/index.php\/wp-json\/wp\/v2\/product_brand?post=111"},{"taxonomy":"product_cat","embeddable":true,"href":"https:\/\/yukisbani.com\/home\/index.php\/wp-json\/wp\/v2\/product_cat?post=111"},{"taxonomy":"product_tag","embeddable":true,"href":"https:\/\/yukisbani.com\/home\/index.php\/wp-json\/wp\/v2\/product_tag?post=111"}],"curies":[{"name":"wp","href":"https:\/\/api.w.org\/{rel}","templated":true}]}}