{"id":113,"date":"2026-04-01T18:21:46","date_gmt":"2026-04-01T18:21:46","guid":{"rendered":"https:\/\/yukisbani.com\/home\/index.php\/producto\/coca-cola\/"},"modified":"2026-04-01T18:21:46","modified_gmt":"2026-04-01T18:21:46","slug":"coca-cola","status":"publish","type":"product","link":"https:\/\/yukisbani.com\/home\/index.php\/producto\/coca-cola\/","title":{"rendered":"Coca cola"},"content":{"rendered":"<p>Bebida carbonatada reconocida mundialmente por su sabor inconfundible. Perfecta para acompa\u00f1ar comidas o refrescarte en cualquier momento. Servir fr\u00eda para disfrutar al m\u00e1ximo su sabor.<\/p>\n","protected":false},"excerpt":{"rendered":"<p>Refresco cl\u00e1sico con sabor \u00fanico y refrescante.<\/p>\n","protected":false},"featured_media":112,"comment_status":"open","ping_status":"closed","template":"","meta":[],"product_brand":[],"product_cat":[],"product_tag":[],"class_list":{"0":"post-113","1":"product","2":"type-product","3":"status-publish","4":"has-post-thumbnail","7":"first","8":"instock","9":"shipping-taxable","10":"purchasable","11":"product-type-simple"},"_links":{"self":[{"href":"https:\/\/yukisbani.com\/home\/index.php\/wp-json\/wp\/v2\/product\/113","targetHints":{"allow":["GET"]}}],"collection":[{"href":"https:\/\/yukisbani.com\/home\/index.php\/wp-json\/wp\/v2\/product"}],"about":[{"href":"https:\/\/yukisbani.com\/home\/index.php\/wp-json\/wp\/v2\/types\/product"}],"replies":[{"embeddable":true,"href":"https:\/\/yukisbani.com\/home\/index.php\/wp-json\/wp\/v2\/comments?post=113"}],"wp:featuredmedia":[{"embeddable":true,"href":"https:\/\/yukisbani.com\/home\/index.php\/wp-json\/wp\/v2\/media\/112"}],"wp:attachment":[{"href":"https:\/\/yukisbani.com\/home\/index.php\/wp-json\/wp\/v2\/media?parent=113"}],"wp:term":[{"taxonomy":"product_brand","embeddable":true,"href":"https:\/\/yukisbani.com\/home\/index.php\/wp-json\/wp\/v2\/product_brand?post=113"},{"taxonomy":"product_cat","embeddable":true,"href":"https:\/\/yukisbani.com\/home\/index.php\/wp-json\/wp\/v2\/product_cat?post=113"},{"taxonomy":"product_tag","embeddable":true,"href":"https:\/\/yukisbani.com\/home\/index.php\/wp-json\/wp\/v2\/product_tag?post=113"}],"curies":[{"name":"wp","href":"https:\/\/api.w.org\/{rel}","templated":true}]}}